{"id":133,"date":"2020-05-23T19:26:26","date_gmt":"2020-05-23T19:26:26","guid":{"rendered":"https:\/\/demosites.io\/food-magazine-gb\/?page_id=133"},"modified":"2021-05-24T11:10:17","modified_gmt":"2021-05-24T09:10:17","slug":"historia","status":"publish","type":"page","link":"https:\/\/www.viveroshoraciofernandez.com\/web\/historia\/","title":{"rendered":"Historia"},"content":{"rendered":"\n<div class=\"wp-block-themeisle-blocks-advanced-columns alignfull has-2-columns has-desktop-equal-layout has-tablet-equal-layout has-mobile-collapsedRows-layout has-default-gap has-vertical-unset\" id=\"wp-block-themeisle-blocks-advanced-columns-3ccacebf\"><div class=\"wp-block-themeisle-blocks-advanced-columns-overlay\"><\/div><div class=\"innerblocks-wrap\">\n<div class=\"wp-block-themeisle-blocks-advanced-column\" id=\"wp-block-themeisle-blocks-advanced-column-6f727008\">\n<h4 id=\"wp-block-themeisle-blocks-advanced-heading-fc394232\" class=\"wp-block-themeisle-blocks-advanced-heading wp-block-themeisle-blocks-advanced-heading-fc394232\"><strong>VIVEROS HORACIO FERN\u00c1NDEZ<\/strong><\/h4>\n\n\n\n<h1 id=\"wp-block-themeisle-blocks-advanced-heading-526c2ecf\" class=\"wp-block-themeisle-blocks-advanced-heading wp-block-themeisle-blocks-advanced-heading-526c2ecf\">Sobre nosotros<\/h1>\n<\/div>\n\n\n\n<div class=\"wp-block-themeisle-blocks-advanced-column\" id=\"wp-block-themeisle-blocks-advanced-column-2753bf05\"><\/div>\n<\/div><\/div>\n\n\n\n<section class=\"wp-block-themeisle-blocks-advanced-columns alignfull has-1-columns has-desktop-equal-layout has-tablet-equal-layout has-mobile-equal-layout has-nogap-gap has-vertical-flex-start\" id=\"wp-block-themeisle-blocks-advanced-columns-94dec1f4\"><div class=\"wp-block-themeisle-blocks-advanced-columns-overlay\"><\/div><div class=\"innerblocks-wrap\">\n<div class=\"wp-block-themeisle-blocks-advanced-column\" id=\"wp-block-themeisle-blocks-advanced-column-7b0444df\">\n<section class=\"wp-block-themeisle-blocks-advanced-columns has-2-columns has-desktop-equal-layout has-tablet-equal-layout has-mobile-collapsedRows-layout has-nogap-gap has-vertical-center has-reverse-columns-mobile\" id=\"wp-block-themeisle-blocks-advanced-columns-1727ab75\"><div class=\"wp-block-themeisle-blocks-advanced-columns-overlay\"><\/div><div class=\"innerblocks-wrap\">\n<div class=\"wp-block-themeisle-blocks-advanced-column\" id=\"wp-block-themeisle-blocks-advanced-column-28d31c74\">\n<h2 id=\"wp-block-themeisle-blocks-advanced-heading-c9535876\" class=\"wp-block-themeisle-blocks-advanced-heading wp-block-themeisle-blocks-advanced-heading-c9535876\">Sobre nosotros<\/h2>\n\n\n\n<p>Desde 1998, Horacio Fern\u00e1ndez comenz\u00f3 con un sue\u00f1o, crear algo que la gente amara, algo de lo que \u00e9l y su familia se sintieran orgullosos.<\/p>\n\n\n\n<p>Comenzando hace 20 a\u00f1os en el sector, descubri\u00f3 su vocaci\u00f3n, la jardiner\u00eda, trabajando para empresas peque\u00f1as, y recorriendo toda Espa\u00f1a, se dio cuenta que quer\u00eda algo m\u00e1s, que necesitaba avanzar y desarrollar su pasi\u00f3n. Fue entonces cuando se plant\u00f3 la primera semilla, dicha semilla germinar\u00eda, convirti\u00e9ndose en algo grande, algo que ir\u00eda evolucionando hasta convertirse en una empresa imponente en el sector de la jardiner\u00eda.<\/p>\n\n\n\n<p>Por aquel entonces, Horacio se dio cuenta de que, en alg\u00fan momento, tendr\u00eda que entregar el testigo, lo cual result\u00f3 una tarea f\u00e1cil, ya que desde bien joven su hijo Horacio ya estaba siguiendo sus pasos, a la vez que compartiendo su pasi\u00f3n por la jardiner\u00eda. Horacio tambi\u00e9n sab\u00eda que ten\u00eda detr\u00e1s a toda su familia apoy\u00e1ndole, por lo que cualquier decisi\u00f3n que tomara estar\u00eda respaldada por \u00e9sta.<\/p>\n<\/div>\n\n\n\n<div class=\"wp-block-themeisle-blocks-advanced-column\" id=\"wp-block-themeisle-blocks-advanced-column-f968dc4e\">\n<figure class=\"wp-block-image size-large ticss-0c5bbe67\"><img loading=\"lazy\" decoding=\"async\" width=\"1024\" height=\"768\" src=\"https:\/\/www.viveroshoraciofernandez.com\/web\/wp-content\/uploads\/2021\/05\/IMG_0692-1024x768.jpg\" alt=\"Vivero en la Costa C\u00e1lida\" class=\"wp-image-62\" srcset=\"https:\/\/www.viveroshoraciofernandez.com\/web\/wp-content\/uploads\/2021\/05\/IMG_0692-1024x768.jpg 1024w, https:\/\/www.viveroshoraciofernandez.com\/web\/wp-content\/uploads\/2021\/05\/IMG_0692-300x225.jpg 300w, https:\/\/www.viveroshoraciofernandez.com\/web\/wp-content\/uploads\/2021\/05\/IMG_0692-768x576.jpg 768w, https:\/\/www.viveroshoraciofernandez.com\/web\/wp-content\/uploads\/2021\/05\/IMG_0692-1536x1152.jpg 1536w, https:\/\/www.viveroshoraciofernandez.com\/web\/wp-content\/uploads\/2021\/05\/IMG_0692-2048x1536.jpg 2048w\" sizes=\"auto, (max-width: 1024px) 100vw, 1024px\" \/><\/figure>\n<\/div>\n<\/div><\/section>\n\n\n\n<section class=\"wp-block-themeisle-blocks-advanced-columns has-2-columns has-desktop-equal-layout has-tablet-equal-layout has-mobile-collapsedRows-layout has-nogap-gap has-vertical-center\" id=\"wp-block-themeisle-blocks-advanced-columns-696626d6\"><div class=\"wp-block-themeisle-blocks-advanced-columns-overlay\"><\/div><div class=\"innerblocks-wrap\">\n<div class=\"wp-block-themeisle-blocks-advanced-column\" id=\"wp-block-themeisle-blocks-advanced-column-ee624f6a\">\n<figure class=\"wp-block-image size-large ticss-fab6ef94\"><img loading=\"lazy\" decoding=\"async\" width=\"1024\" height=\"768\" src=\"https:\/\/www.viveroshoraciofernandez.com\/web\/wp-content\/uploads\/2021\/05\/IMG_0636-1-1024x768.jpg\" alt=\"viveros en el Puerto de Mazarron fachada\" class=\"wp-image-31\" srcset=\"https:\/\/www.viveroshoraciofernandez.com\/web\/wp-content\/uploads\/2021\/05\/IMG_0636-1-1024x768.jpg 1024w, https:\/\/www.viveroshoraciofernandez.com\/web\/wp-content\/uploads\/2021\/05\/IMG_0636-1-300x225.jpg 300w, https:\/\/www.viveroshoraciofernandez.com\/web\/wp-content\/uploads\/2021\/05\/IMG_0636-1-768x576.jpg 768w, https:\/\/www.viveroshoraciofernandez.com\/web\/wp-content\/uploads\/2021\/05\/IMG_0636-1-1536x1152.jpg 1536w, https:\/\/www.viveroshoraciofernandez.com\/web\/wp-content\/uploads\/2021\/05\/IMG_0636-1-2048x1536.jpg 2048w\" sizes=\"auto, (max-width: 1024px) 100vw, 1024px\" \/><\/figure>\n<\/div>\n\n\n\n<div class=\"wp-block-themeisle-blocks-advanced-column\" id=\"wp-block-themeisle-blocks-advanced-column-40861855\">\n<h2 id=\"wp-block-themeisle-blocks-advanced-heading-62b4f61b\" class=\"wp-block-themeisle-blocks-advanced-heading wp-block-themeisle-blocks-advanced-heading-62b4f61b\">Viveros Horacio Fern\u00e1ndez<\/h2>\n\n\n\n<p>En 2018, Horacio decidi\u00f3 dar el gran salto, crear una empresa referente en el sector de la jardiner\u00eda, una empresa competente y con unos valores claros, los cuales se describen en sencillas pero potentes palabras: Perfecci\u00f3n, Pulcritud, Respeto, Formalidad, Sinceridad y un Servicio impecable.<\/p>\n\n\n\n<p>Al frente de dicha empresa deja, al fin, a su hijo Horacio, el cual sabe que dar\u00e1 la talla, ya que es un hombre dedicado a su gran pasi\u00f3n heredada, la jardiner\u00eda.<\/p>\n\n\n\n<p>Queremos agradecer la confianza depositada en nosotros por parte de nuestros clientes y amigos.<\/p>\n\n\n\n<p>\u00a1Muchas gracias y os esperamos!<\/p>\n<\/div>\n<\/div><\/section>\n\n\n\n<div style=\"height:100px\" aria-hidden=\"true\" class=\"wp-block-spacer\"><\/div>\n\n\n\n<div class=\"wp-block-image is-style-default\"><figure class=\"aligncenter size-large\"><a href=\"https:\/\/www.viveroshoraciofernandez.com\/web\/wp-content\/uploads\/2021\/05\/horacio1-1-002nueva-scaled.jpg\" target=\"_blank\" rel=\"noopener\"><img loading=\"lazy\" decoding=\"async\" width=\"1024\" height=\"707\" src=\"https:\/\/www.viveroshoraciofernandez.com\/web\/wp-content\/uploads\/2021\/05\/horacio1-1-002nueva-1024x707.jpg\" alt=\"\" class=\"wp-image-459\" srcset=\"https:\/\/www.viveroshoraciofernandez.com\/web\/wp-content\/uploads\/2021\/05\/horacio1-1-002nueva-1024x707.jpg 1024w, https:\/\/www.viveroshoraciofernandez.com\/web\/wp-content\/uploads\/2021\/05\/horacio1-1-002nueva-300x207.jpg 300w, https:\/\/www.viveroshoraciofernandez.com\/web\/wp-content\/uploads\/2021\/05\/horacio1-1-002nueva-768x531.jpg 768w, https:\/\/www.viveroshoraciofernandez.com\/web\/wp-content\/uploads\/2021\/05\/horacio1-1-002nueva-1536x1061.jpg 1536w, https:\/\/www.viveroshoraciofernandez.com\/web\/wp-content\/uploads\/2021\/05\/horacio1-1-002nueva-2048x1415.jpg 2048w\" sizes=\"auto, (max-width: 1024px) 100vw, 1024px\" \/><\/a><\/figure><\/div>\n<\/div>\n<\/div><\/section>\n","protected":false},"excerpt":{"rendered":"","protected":false},"author":1,"featured_media":0,"parent":0,"menu_order":0,"comment_status":"closed","ping_status":"closed","template":"page-templates\/template-pagebuilder-full-width.php","meta":{"neve_meta_sidebar":"full-width","neve_meta_container":"","neve_meta_enable_content_width":"on","neve_meta_content_width":100,"neve_meta_title_alignment":"","neve_meta_author_avatar":"","neve_post_elements_order":"","neve_meta_disable_header":"","neve_meta_disable_footer":"","neve_meta_disable_title":"on","neve_meta_reading_time":"","_themeisle_gutenberg_block_has_review":false,"footnotes":""},"class_list":["post-133","page","type-page","status-publish","hentry"],"yoast_head":"<!-- This site is optimized with the Yoast SEO plugin v27.4 - https:\/\/yoast.com\/product\/yoast-seo-wordpress\/ -->\n<title>Historia - Viveros Horacio Fern\u00e1ndez<\/title>\n<meta name=\"description\" content=\"En 2018, Horacio decidi\u00f3 dar el gran salto, crear una empresa referente en el sector de la jardiner\u00eda, una empresa competente y con unos valores claros, los cuales se describen en sencillas pero potentes palabras: Perfecci\u00f3n, Pulcritud, Respeto, Formalidad, Sinceridad y un Servicio impecable.\" \/>\n<meta name=\"robots\" content=\"index, follow, max-snippet:-1, max-image-preview:large, max-video-preview:-1\" \/>\n<link rel=\"canonical\" href=\"https:\/\/www.viveroshoraciofernandez.com\/web\/historia\/\" \/>\n<meta property=\"og:locale\" content=\"es_ES\" \/>\n<meta property=\"og:type\" content=\"article\" \/>\n<meta property=\"og:title\" content=\"Historia - Viveros Horacio Fern\u00e1ndez\" \/>\n<meta property=\"og:description\" content=\"En 2018, Horacio decidi\u00f3 dar el gran salto, crear una empresa referente en el sector de la jardiner\u00eda, una empresa competente y con unos valores claros, los cuales se describen en sencillas pero potentes palabras: Perfecci\u00f3n, Pulcritud, Respeto, Formalidad, Sinceridad y un Servicio impecable.\" \/>\n<meta property=\"og:url\" content=\"https:\/\/www.viveroshoraciofernandez.com\/web\/historia\/\" \/>\n<meta property=\"og:site_name\" content=\"Viveros Horacio Fern\u00e1ndez\" \/>\n<meta property=\"article:publisher\" content=\"https:\/\/www.facebook.com\/viveroshoracio\/\" \/>\n<meta property=\"article:modified_time\" content=\"2021-05-24T09:10:17+00:00\" \/>\n<meta property=\"og:image\" content=\"https:\/\/www.viveroshoraciofernandez.com\/web\/wp-content\/uploads\/2021\/05\/IMG_0692-1024x768.jpg\" \/>\n<meta name=\"twitter:card\" content=\"summary_large_image\" \/>\n<meta name=\"twitter:label1\" content=\"Tiempo de lectura\" \/>\n\t<meta name=\"twitter:data1\" content=\"2 minutos\" \/>\n<script type=\"application\/ld+json\" class=\"yoast-schema-graph\">{\"@context\":\"https:\\\/\\\/schema.org\",\"@graph\":[{\"@type\":\"WebPage\",\"@id\":\"https:\\\/\\\/www.viveroshoraciofernandez.com\\\/web\\\/historia\\\/\",\"url\":\"https:\\\/\\\/www.viveroshoraciofernandez.com\\\/web\\\/historia\\\/\",\"name\":\"Historia - Viveros Horacio Fern\u00e1ndez\",\"isPartOf\":{\"@id\":\"https:\\\/\\\/www.viveroshoraciofernandez.com\\\/web\\\/#website\"},\"primaryImageOfPage\":{\"@id\":\"https:\\\/\\\/www.viveroshoraciofernandez.com\\\/web\\\/historia\\\/#primaryimage\"},\"image\":{\"@id\":\"https:\\\/\\\/www.viveroshoraciofernandez.com\\\/web\\\/historia\\\/#primaryimage\"},\"thumbnailUrl\":\"https:\\\/\\\/www.viveroshoraciofernandez.com\\\/web\\\/wp-content\\\/uploads\\\/2021\\\/05\\\/IMG_0692-1024x768.jpg\",\"datePublished\":\"2020-05-23T19:26:26+00:00\",\"dateModified\":\"2021-05-24T09:10:17+00:00\",\"description\":\"En 2018, Horacio decidi\u00f3 dar el gran salto, crear una empresa referente en el sector de la jardiner\u00eda, una empresa competente y con unos valores claros, los cuales se describen en sencillas pero potentes palabras: Perfecci\u00f3n, Pulcritud, Respeto, Formalidad, Sinceridad y un Servicio impecable.\",\"breadcrumb\":{\"@id\":\"https:\\\/\\\/www.viveroshoraciofernandez.com\\\/web\\\/historia\\\/#breadcrumb\"},\"inLanguage\":\"es\",\"potentialAction\":[{\"@type\":\"ReadAction\",\"target\":[\"https:\\\/\\\/www.viveroshoraciofernandez.com\\\/web\\\/historia\\\/\"]}]},{\"@type\":\"ImageObject\",\"inLanguage\":\"es\",\"@id\":\"https:\\\/\\\/www.viveroshoraciofernandez.com\\\/web\\\/historia\\\/#primaryimage\",\"url\":\"https:\\\/\\\/www.viveroshoraciofernandez.com\\\/web\\\/wp-content\\\/uploads\\\/2021\\\/05\\\/IMG_0692-scaled.jpg\",\"contentUrl\":\"https:\\\/\\\/www.viveroshoraciofernandez.com\\\/web\\\/wp-content\\\/uploads\\\/2021\\\/05\\\/IMG_0692-scaled.jpg\",\"width\":2560,\"height\":1920,\"caption\":\"Vivero en la Costa C\u00e1lida\"},{\"@type\":\"BreadcrumbList\",\"@id\":\"https:\\\/\\\/www.viveroshoraciofernandez.com\\\/web\\\/historia\\\/#breadcrumb\",\"itemListElement\":[{\"@type\":\"ListItem\",\"position\":1,\"name\":\"Portada\",\"item\":\"https:\\\/\\\/www.viveroshoraciofernandez.com\\\/web\\\/\"},{\"@type\":\"ListItem\",\"position\":2,\"name\":\"Historia\"}]},{\"@type\":\"WebSite\",\"@id\":\"https:\\\/\\\/www.viveroshoraciofernandez.com\\\/web\\\/#website\",\"url\":\"https:\\\/\\\/www.viveroshoraciofernandez.com\\\/web\\\/\",\"name\":\"Viveros Horacio Fern\u00e1ndez\",\"description\":\"Tu centro de jardiner\u00eda en Mazarr\u00f3n\",\"publisher\":{\"@id\":\"https:\\\/\\\/www.viveroshoraciofernandez.com\\\/web\\\/#organization\"},\"potentialAction\":[{\"@type\":\"SearchAction\",\"target\":{\"@type\":\"EntryPoint\",\"urlTemplate\":\"https:\\\/\\\/www.viveroshoraciofernandez.com\\\/web\\\/?s={search_term_string}\"},\"query-input\":{\"@type\":\"PropertyValueSpecification\",\"valueRequired\":true,\"valueName\":\"search_term_string\"}}],\"inLanguage\":\"es\"},{\"@type\":\"Organization\",\"@id\":\"https:\\\/\\\/www.viveroshoraciofernandez.com\\\/web\\\/#organization\",\"name\":\"Viveros Horacio Fernandez\",\"url\":\"https:\\\/\\\/www.viveroshoraciofernandez.com\\\/web\\\/\",\"logo\":{\"@type\":\"ImageObject\",\"inLanguage\":\"es\",\"@id\":\"https:\\\/\\\/www.viveroshoraciofernandez.com\\\/web\\\/#\\\/schema\\\/logo\\\/image\\\/\",\"url\":\"https:\\\/\\\/www.viveroshoraciofernandez.com\\\/web\\\/wp-content\\\/uploads\\\/2021\\\/05\\\/logotipo.jpg\",\"contentUrl\":\"https:\\\/\\\/www.viveroshoraciofernandez.com\\\/web\\\/wp-content\\\/uploads\\\/2021\\\/05\\\/logotipo.jpg\",\"width\":1476,\"height\":474,\"caption\":\"Viveros Horacio Fernandez\"},\"image\":{\"@id\":\"https:\\\/\\\/www.viveroshoraciofernandez.com\\\/web\\\/#\\\/schema\\\/logo\\\/image\\\/\"},\"sameAs\":[\"https:\\\/\\\/www.facebook.com\\\/viveroshoracio\\\/\",\"https:\\\/\\\/www.instagram.com\\\/viveroshoraciofl\\\/?hl=es\"]}]}<\/script>\n<!-- \/ Yoast SEO plugin. -->","yoast_head_json":{"title":"Historia - Viveros Horacio Fern\u00e1ndez","description":"En 2018, Horacio decidi\u00f3 dar el gran salto, crear una empresa referente en el sector de la jardiner\u00eda, una empresa competente y con unos valores claros, los cuales se describen en sencillas pero potentes palabras: Perfecci\u00f3n, Pulcritud, Respeto, Formalidad, Sinceridad y un Servicio impecable.","robots":{"index":"index","follow":"follow","max-snippet":"max-snippet:-1","max-image-preview":"max-image-preview:large","max-video-preview":"max-video-preview:-1"},"canonical":"https:\/\/www.viveroshoraciofernandez.com\/web\/historia\/","og_locale":"es_ES","og_type":"article","og_title":"Historia - Viveros Horacio Fern\u00e1ndez","og_description":"En 2018, Horacio decidi\u00f3 dar el gran salto, crear una empresa referente en el sector de la jardiner\u00eda, una empresa competente y con unos valores claros, los cuales se describen en sencillas pero potentes palabras: Perfecci\u00f3n, Pulcritud, Respeto, Formalidad, Sinceridad y un Servicio impecable.","og_url":"https:\/\/www.viveroshoraciofernandez.com\/web\/historia\/","og_site_name":"Viveros Horacio Fern\u00e1ndez","article_publisher":"https:\/\/www.facebook.com\/viveroshoracio\/","article_modified_time":"2021-05-24T09:10:17+00:00","og_image":[{"url":"https:\/\/www.viveroshoraciofernandez.com\/web\/wp-content\/uploads\/2021\/05\/IMG_0692-1024x768.jpg","type":"","width":"","height":""}],"twitter_card":"summary_large_image","twitter_misc":{"Tiempo de lectura":"2 minutos"},"schema":{"@context":"https:\/\/schema.org","@graph":[{"@type":"WebPage","@id":"https:\/\/www.viveroshoraciofernandez.com\/web\/historia\/","url":"https:\/\/www.viveroshoraciofernandez.com\/web\/historia\/","name":"Historia - Viveros Horacio Fern\u00e1ndez","isPartOf":{"@id":"https:\/\/www.viveroshoraciofernandez.com\/web\/#website"},"primaryImageOfPage":{"@id":"https:\/\/www.viveroshoraciofernandez.com\/web\/historia\/#primaryimage"},"image":{"@id":"https:\/\/www.viveroshoraciofernandez.com\/web\/historia\/#primaryimage"},"thumbnailUrl":"https:\/\/www.viveroshoraciofernandez.com\/web\/wp-content\/uploads\/2021\/05\/IMG_0692-1024x768.jpg","datePublished":"2020-05-23T19:26:26+00:00","dateModified":"2021-05-24T09:10:17+00:00","description":"En 2018, Horacio decidi\u00f3 dar el gran salto, crear una empresa referente en el sector de la jardiner\u00eda, una empresa competente y con unos valores claros, los cuales se describen en sencillas pero potentes palabras: Perfecci\u00f3n, Pulcritud, Respeto, Formalidad, Sinceridad y un Servicio impecable.","breadcrumb":{"@id":"https:\/\/www.viveroshoraciofernandez.com\/web\/historia\/#breadcrumb"},"inLanguage":"es","potentialAction":[{"@type":"ReadAction","target":["https:\/\/www.viveroshoraciofernandez.com\/web\/historia\/"]}]},{"@type":"ImageObject","inLanguage":"es","@id":"https:\/\/www.viveroshoraciofernandez.com\/web\/historia\/#primaryimage","url":"https:\/\/www.viveroshoraciofernandez.com\/web\/wp-content\/uploads\/2021\/05\/IMG_0692-scaled.jpg","contentUrl":"https:\/\/www.viveroshoraciofernandez.com\/web\/wp-content\/uploads\/2021\/05\/IMG_0692-scaled.jpg","width":2560,"height":1920,"caption":"Vivero en la Costa C\u00e1lida"},{"@type":"BreadcrumbList","@id":"https:\/\/www.viveroshoraciofernandez.com\/web\/historia\/#breadcrumb","itemListElement":[{"@type":"ListItem","position":1,"name":"Portada","item":"https:\/\/www.viveroshoraciofernandez.com\/web\/"},{"@type":"ListItem","position":2,"name":"Historia"}]},{"@type":"WebSite","@id":"https:\/\/www.viveroshoraciofernandez.com\/web\/#website","url":"https:\/\/www.viveroshoraciofernandez.com\/web\/","name":"Viveros Horacio Fern\u00e1ndez","description":"Tu centro de jardiner\u00eda en Mazarr\u00f3n","publisher":{"@id":"https:\/\/www.viveroshoraciofernandez.com\/web\/#organization"},"potentialAction":[{"@type":"SearchAction","target":{"@type":"EntryPoint","urlTemplate":"https:\/\/www.viveroshoraciofernandez.com\/web\/?s={search_term_string}"},"query-input":{"@type":"PropertyValueSpecification","valueRequired":true,"valueName":"search_term_string"}}],"inLanguage":"es"},{"@type":"Organization","@id":"https:\/\/www.viveroshoraciofernandez.com\/web\/#organization","name":"Viveros Horacio Fernandez","url":"https:\/\/www.viveroshoraciofernandez.com\/web\/","logo":{"@type":"ImageObject","inLanguage":"es","@id":"https:\/\/www.viveroshoraciofernandez.com\/web\/#\/schema\/logo\/image\/","url":"https:\/\/www.viveroshoraciofernandez.com\/web\/wp-content\/uploads\/2021\/05\/logotipo.jpg","contentUrl":"https:\/\/www.viveroshoraciofernandez.com\/web\/wp-content\/uploads\/2021\/05\/logotipo.jpg","width":1476,"height":474,"caption":"Viveros Horacio Fernandez"},"image":{"@id":"https:\/\/www.viveroshoraciofernandez.com\/web\/#\/schema\/logo\/image\/"},"sameAs":["https:\/\/www.facebook.com\/viveroshoracio\/","https:\/\/www.instagram.com\/viveroshoraciofl\/?hl=es"]}]}},"jetpack_sharing_enabled":true,"_links":{"self":[{"href":"https:\/\/www.viveroshoraciofernandez.com\/web\/wp-json\/wp\/v2\/pages\/133","targetHints":{"allow":["GET"]}}],"collection":[{"href":"https:\/\/www.viveroshoraciofernandez.com\/web\/wp-json\/wp\/v2\/pages"}],"about":[{"href":"https:\/\/www.viveroshoraciofernandez.com\/web\/wp-json\/wp\/v2\/types\/page"}],"author":[{"embeddable":true,"href":"https:\/\/www.viveroshoraciofernandez.com\/web\/wp-json\/wp\/v2\/users\/1"}],"replies":[{"embeddable":true,"href":"https:\/\/www.viveroshoraciofernandez.com\/web\/wp-json\/wp\/v2\/comments?post=133"}],"version-history":[{"count":7,"href":"https:\/\/www.viveroshoraciofernandez.com\/web\/wp-json\/wp\/v2\/pages\/133\/revisions"}],"predecessor-version":[{"id":460,"href":"https:\/\/www.viveroshoraciofernandez.com\/web\/wp-json\/wp\/v2\/pages\/133\/revisions\/460"}],"wp:attachment":[{"href":"https:\/\/www.viveroshoraciofernandez.com\/web\/wp-json\/wp\/v2\/media?parent=133"}],"curies":[{"name":"wp","href":"https:\/\/api.w.org\/{rel}","templated":true}]}}