{"id":147,"date":"2020-05-23T23:25:30","date_gmt":"2020-05-23T23:25:30","guid":{"rendered":"https:\/\/demosites.io\/food-magazine-gb\/?page_id=147"},"modified":"2021-05-23T19:05:55","modified_gmt":"2021-05-23T17:05:55","slug":"servicios","status":"publish","type":"page","link":"https:\/\/www.viveroshoraciofernandez.com\/web\/servicios\/","title":{"rendered":"Otros Servicios"},"content":{"rendered":"\n<div class=\"wp-block-themeisle-blocks-advanced-columns alignfull has-1-columns has-desktop-equal-layout has-tablet-equal-layout has-mobile-equal-layout has-default-gap has-vertical-unset\" id=\"wp-block-themeisle-blocks-advanced-columns-4c268c58\"><div class=\"wp-block-themeisle-blocks-advanced-columns-overlay\"><\/div><div class=\"innerblocks-wrap\">\n<div class=\"wp-block-themeisle-blocks-advanced-column\" id=\"wp-block-themeisle-blocks-advanced-column-401e672d\">\n<h4 class=\"has-text-align-center has-neve-link-hover-color-color has-text-color wp-block-heading\"><strong><strong>VIVEROS HORACIO FERN\u00c1NDEZ<\/strong><\/strong><\/h4>\n\n\n\n<h1 id=\"wp-block-themeisle-blocks-advanced-heading-fa3d9328\" class=\"wp-block-themeisle-blocks-advanced-heading wp-block-themeisle-blocks-advanced-heading-fa3d9328\">Otros servicios<\/h1>\n\n\n\n<p class=\"has-text-align-center has-nv-text-dark-bg-color has-text-color\" style=\"font-size:22px\">Cons\u00faltanos si necesitas alguna aclaraci\u00f3n<\/p>\n\n\n\n<div style=\"height:30px\" aria-hidden=\"true\" class=\"wp-block-spacer\"><\/div>\n<\/div>\n<\/div><\/div>\n\n\n\n<div class=\"wp-block-themeisle-blocks-advanced-columns alignfull has-2-columns has-desktop-equal-layout has-tablet-equal-layout has-mobile-collapsedRows-layout has-nogap-gap has-vertical-unset\" id=\"wp-block-themeisle-blocks-advanced-columns-63105866\"><div class=\"wp-block-themeisle-blocks-advanced-columns-overlay\"><\/div><div class=\"innerblocks-wrap\">\n<div class=\"wp-block-themeisle-blocks-advanced-column\" id=\"wp-block-themeisle-blocks-advanced-column-be070768\">\n<figure class=\"wp-block-image size-large\"><img loading=\"lazy\" decoding=\"async\" width=\"1009\" height=\"1024\" src=\"https:\/\/www.viveroshoraciofernandez.com\/web\/wp-content\/uploads\/2021\/05\/IMG_20200526_104139_583-1009x1024.jpg\" alt=\"Jardiner\u00eda y poda de setos en Mazarron\" class=\"wp-image-74\" srcset=\"https:\/\/www.viveroshoraciofernandez.com\/web\/wp-content\/uploads\/2021\/05\/IMG_20200526_104139_583-1009x1024.jpg 1009w, https:\/\/www.viveroshoraciofernandez.com\/web\/wp-content\/uploads\/2021\/05\/IMG_20200526_104139_583-296x300.jpg 296w, https:\/\/www.viveroshoraciofernandez.com\/web\/wp-content\/uploads\/2021\/05\/IMG_20200526_104139_583-768x779.jpg 768w, https:\/\/www.viveroshoraciofernandez.com\/web\/wp-content\/uploads\/2021\/05\/IMG_20200526_104139_583-1514x1536.jpg 1514w, https:\/\/www.viveroshoraciofernandez.com\/web\/wp-content\/uploads\/2021\/05\/IMG_20200526_104139_583.jpg 1727w\" sizes=\"auto, (max-width: 1009px) 100vw, 1009px\" \/><\/figure>\n<\/div>\n\n\n\n<div class=\"wp-block-themeisle-blocks-advanced-column\" id=\"wp-block-themeisle-blocks-advanced-column-3e3db3e8\">\n<h2 id=\"wp-block-themeisle-blocks-advanced-heading-d8ce5f53\" class=\"wp-block-themeisle-blocks-advanced-heading wp-block-themeisle-blocks-advanced-heading-d8ce5f53\">Servicios de Jardiner\u00eda<\/h2>\n\n\n\n<p class=\"has-neve-text-color-color has-text-color\" style=\"font-size:22px\">Somos especialistas en dise\u00f1o, realizaci\u00f3n y mantenimiento de jardines privados, comunidades y urbanizaciones. Realizamos una amplia gama de servicios de jardiner\u00eda, siempre en funci\u00f3n de tus necesidades. Nuestra finalidad es que tu jard\u00edn est\u00e9 en perfecto estado por eso te ofrecemos:&nbsp;<\/p>\n\n\n\n<div class=\"wp-block-columns is-layout-flex wp-container-core-columns-is-layout-9d6595d7 wp-block-columns-is-layout-flex\">\n<div class=\"wp-block-column is-layout-flow wp-block-column-is-layout-flow\">\n<ul class=\"wp-block-list\"><li>Reformas de jardines<\/li><li>Realizaci\u00f3n de proyectos<\/li><li>Instalaciones de riego autom\u00e1tico<\/li><li>Mantenimiento de piscinas&nbsp;<\/li><li>Mantenimientos integrales de comunidades y chalets&nbsp;<\/li><li>Tratamientos fitosanitarios curativos y preventivos<\/li><\/ul>\n<\/div>\n\n\n\n<div class=\"wp-block-column is-layout-flow wp-block-column-is-layout-flow\">\n<ul class=\"wp-block-list\"><li>Abono y c\u00e9sped<\/li><li>C\u00e9sped artificial<\/li><li>Limpieza de palmeras y \u00e1rboles<\/li><li>Arreglo de jardineras<\/li><li>Plantaci\u00f3n<\/li><li>Recorte de setos<\/li><li>Limpieza de terrenos<\/li><\/ul>\n<\/div>\n<\/div>\n<\/div>\n<\/div><\/div>\n\n\n\n<div class=\"wp-block-themeisle-blocks-advanced-columns alignfull has-2-columns has-desktop-equal-layout has-tablet-equal-layout has-mobile-collapsedRows-layout has-nogap-gap has-vertical-unset\" id=\"wp-block-themeisle-blocks-advanced-columns-18288940\"><div class=\"wp-block-themeisle-blocks-advanced-columns-overlay\"><\/div><div class=\"innerblocks-wrap\">\n<div class=\"wp-block-themeisle-blocks-advanced-column\" id=\"wp-block-themeisle-blocks-advanced-column-1a063e64\">\n<figure class=\"wp-block-image size-large is-resized is-style-rounded\"><img loading=\"lazy\" decoding=\"async\" src=\"https:\/\/www.viveroshoraciofernandez.com\/web\/wp-content\/uploads\/2021\/05\/bouquet-432769_1920-1024x779.jpg\" alt=\"Ramos de flores personalizados en Mazarr\u00f3n\" class=\"wp-image-87\" width=\"512\" height=\"390\" srcset=\"https:\/\/www.viveroshoraciofernandez.com\/web\/wp-content\/uploads\/2021\/05\/bouquet-432769_1920-1024x779.jpg 1024w, https:\/\/www.viveroshoraciofernandez.com\/web\/wp-content\/uploads\/2021\/05\/bouquet-432769_1920-300x228.jpg 300w, https:\/\/www.viveroshoraciofernandez.com\/web\/wp-content\/uploads\/2021\/05\/bouquet-432769_1920-768x584.jpg 768w, https:\/\/www.viveroshoraciofernandez.com\/web\/wp-content\/uploads\/2021\/05\/bouquet-432769_1920-1536x1169.jpg 1536w, https:\/\/www.viveroshoraciofernandez.com\/web\/wp-content\/uploads\/2021\/05\/bouquet-432769_1920.jpg 1920w\" sizes=\"auto, (max-width: 512px) 100vw, 512px\" \/><\/figure>\n<\/div>\n\n\n\n<div class=\"wp-block-themeisle-blocks-advanced-column\" id=\"wp-block-themeisle-blocks-advanced-column-bd3606c4\">\n<h2 id=\"wp-block-themeisle-blocks-advanced-heading-475621cd\" class=\"wp-block-themeisle-blocks-advanced-heading wp-block-themeisle-blocks-advanced-heading-475621cd\">Servicio de Florister\u00eda (Flor Cortada)<\/h2>\n\n\n\n<p class=\"has-neve-text-color-color has-text-color\" style=\"font-size:22px\">Tanto si eres profesional o particular encontrar\u00e1s una gran variedad de flores para cualquier arreglo floral. <\/p>\n\n\n\n<p class=\"has-neve-text-color-color has-text-color\">Tambi\u00e9n preparamos ramos personalizados para tu evento especial, bodas, comuniones, cumplea\u00f1os&#8230;&nbsp;<\/p>\n\n\n\n<p>Env\u00edos gratis a la zona de Mazarr\u00f3n y el Puerto de Mazarr\u00f3n (Leiva, Majada, Atalaya, Ga\u00f1uelas, Morata, Bolnuevo, Azoh\u00eda e Isla Plana).<\/p>\n<\/div>\n<\/div><\/div>\n\n\n\n<div class=\"wp-block-themeisle-blocks-advanced-columns alignfull has-2-columns has-desktop-equal-layout has-tablet-equal-layout has-mobile-collapsedRows-layout has-nogap-gap has-vertical-unset\" id=\"wp-block-themeisle-blocks-advanced-columns-1e32624c\"><div class=\"wp-block-themeisle-blocks-advanced-columns-overlay\"><\/div><div class=\"innerblocks-wrap\">\n<div class=\"wp-block-themeisle-blocks-advanced-column\" id=\"wp-block-themeisle-blocks-advanced-column-121b2608\">\n<figure class=\"wp-block-image size-large is-style-default\"><img loading=\"lazy\" decoding=\"async\" width=\"1024\" height=\"756\" src=\"https:\/\/www.viveroshoraciofernandez.com\/web\/wp-content\/uploads\/2021\/05\/tomatoes-1561565_1920-1024x756.jpg\" alt=\"Plantar tomates en Mazarr\u00f3n\" class=\"wp-image-316\" srcset=\"https:\/\/www.viveroshoraciofernandez.com\/web\/wp-content\/uploads\/2021\/05\/tomatoes-1561565_1920-1024x756.jpg 1024w, https:\/\/www.viveroshoraciofernandez.com\/web\/wp-content\/uploads\/2021\/05\/tomatoes-1561565_1920-300x222.jpg 300w, https:\/\/www.viveroshoraciofernandez.com\/web\/wp-content\/uploads\/2021\/05\/tomatoes-1561565_1920-768x567.jpg 768w, https:\/\/www.viveroshoraciofernandez.com\/web\/wp-content\/uploads\/2021\/05\/tomatoes-1561565_1920-1536x1134.jpg 1536w, https:\/\/www.viveroshoraciofernandez.com\/web\/wp-content\/uploads\/2021\/05\/tomatoes-1561565_1920.jpg 1920w\" sizes=\"auto, (max-width: 1024px) 100vw, 1024px\" \/><\/figure>\n<\/div>\n\n\n\n<div class=\"wp-block-themeisle-blocks-advanced-column\" id=\"wp-block-themeisle-blocks-advanced-column-743e72c0\">\n<h2 id=\"wp-block-themeisle-blocks-advanced-heading-dc347432\" class=\"wp-block-themeisle-blocks-advanced-heading wp-block-themeisle-blocks-advanced-heading-dc347432\">Semillero<\/h2>\n\n\n\n<p class=\"has-neve-text-color-color has-text-color\" style=\"font-size:22px\">Crea tu propio huerto. Escoge lo que quieres plantar:<\/p>\n\n\n\n<div class=\"wp-block-columns is-layout-flex wp-container-core-columns-is-layout-9d6595d7 wp-block-columns-is-layout-flex\">\n<div class=\"wp-block-column is-layout-flow wp-block-column-is-layout-flow\">\n<ul class=\"wp-block-list\"><li>acelgas<\/li><li>berenjenas<\/li><li>tomates<\/li><li>pepinos<\/li><li>calabazas<\/li><\/ul>\n<\/div>\n\n\n\n<div class=\"wp-block-column is-layout-flow wp-block-column-is-layout-flow\">\n<ul class=\"wp-block-list\"><li>pimientos<\/li><li>cebollas<\/li><li>sand\u00edas<\/li><li>mel\u00f3n<\/li><li>&#8230;<\/li><\/ul>\n<\/div>\n<\/div>\n<\/div>\n<\/div><\/div>\n","protected":false},"excerpt":{"rendered":"","protected":false},"author":1,"featured_media":0,"parent":0,"menu_order":0,"comment_status":"closed","ping_status":"closed","template":"page-templates\/template-pagebuilder-full-width.php","meta":{"neve_meta_sidebar":"full-width","neve_meta_container":"","neve_meta_enable_content_width":"on","neve_meta_content_width":100,"neve_meta_title_alignment":"","neve_meta_author_avatar":"","neve_post_elements_order":"","neve_meta_disable_header":"","neve_meta_disable_footer":"","neve_meta_disable_title":"on","neve_meta_reading_time":"","_themeisle_gutenberg_block_has_review":false,"footnotes":""},"class_list":["post-147","page","type-page","status-publish","hentry"],"yoast_head":"<!-- This site is optimized with the Yoast SEO plugin v27.4 - https:\/\/yoast.com\/product\/yoast-seo-wordpress\/ -->\n<title>Otros Servicios - Viveros Horacio Fern\u00e1ndez<\/title>\n<meta name=\"description\" content=\"Disponemos de gran cantidad de macetas y art\u00edculos de decoraci\u00f3n para que tu jard\u00edn quede m\u00e1s bonito y lo disfrutes a\u00fan m\u00e1s.\" \/>\n<meta name=\"robots\" content=\"index, follow, max-snippet:-1, max-image-preview:large, max-video-preview:-1\" \/>\n<link rel=\"canonical\" href=\"https:\/\/www.viveroshoraciofernandez.com\/web\/servicios\/\" \/>\n<meta property=\"og:locale\" content=\"es_ES\" \/>\n<meta property=\"og:type\" content=\"article\" \/>\n<meta property=\"og:title\" content=\"Otros Servicios - Viveros Horacio Fern\u00e1ndez\" \/>\n<meta property=\"og:description\" content=\"Disponemos de gran cantidad de macetas y art\u00edculos de decoraci\u00f3n para que tu jard\u00edn quede m\u00e1s bonito y lo disfrutes a\u00fan m\u00e1s.\" \/>\n<meta property=\"og:url\" content=\"https:\/\/www.viveroshoraciofernandez.com\/web\/servicios\/\" \/>\n<meta property=\"og:site_name\" content=\"Viveros Horacio Fern\u00e1ndez\" \/>\n<meta property=\"article:publisher\" content=\"https:\/\/www.facebook.com\/viveroshoracio\/\" \/>\n<meta property=\"article:modified_time\" content=\"2021-05-23T17:05:55+00:00\" \/>\n<meta property=\"og:image\" content=\"https:\/\/www.viveroshoraciofernandez.com\/web\/wp-content\/uploads\/2021\/05\/IMG_20200526_104139_583-1009x1024.jpg\" \/>\n<meta name=\"twitter:card\" content=\"summary_large_image\" \/>\n<meta name=\"twitter:label1\" content=\"Tiempo de lectura\" \/>\n\t<meta name=\"twitter:data1\" content=\"2 minutos\" \/>\n<script type=\"application\/ld+json\" class=\"yoast-schema-graph\">{\"@context\":\"https:\\\/\\\/schema.org\",\"@graph\":[{\"@type\":\"WebPage\",\"@id\":\"https:\\\/\\\/www.viveroshoraciofernandez.com\\\/web\\\/servicios\\\/\",\"url\":\"https:\\\/\\\/www.viveroshoraciofernandez.com\\\/web\\\/servicios\\\/\",\"name\":\"Otros Servicios - Viveros Horacio Fern\u00e1ndez\",\"isPartOf\":{\"@id\":\"https:\\\/\\\/www.viveroshoraciofernandez.com\\\/web\\\/#website\"},\"primaryImageOfPage\":{\"@id\":\"https:\\\/\\\/www.viveroshoraciofernandez.com\\\/web\\\/servicios\\\/#primaryimage\"},\"image\":{\"@id\":\"https:\\\/\\\/www.viveroshoraciofernandez.com\\\/web\\\/servicios\\\/#primaryimage\"},\"thumbnailUrl\":\"https:\\\/\\\/www.viveroshoraciofernandez.com\\\/web\\\/wp-content\\\/uploads\\\/2021\\\/05\\\/IMG_20200526_104139_583-1009x1024.jpg\",\"datePublished\":\"2020-05-23T23:25:30+00:00\",\"dateModified\":\"2021-05-23T17:05:55+00:00\",\"description\":\"Disponemos de gran cantidad de macetas y art\u00edculos de decoraci\u00f3n para que tu jard\u00edn quede m\u00e1s bonito y lo disfrutes a\u00fan m\u00e1s.\",\"breadcrumb\":{\"@id\":\"https:\\\/\\\/www.viveroshoraciofernandez.com\\\/web\\\/servicios\\\/#breadcrumb\"},\"inLanguage\":\"es\",\"potentialAction\":[{\"@type\":\"ReadAction\",\"target\":[\"https:\\\/\\\/www.viveroshoraciofernandez.com\\\/web\\\/servicios\\\/\"]}]},{\"@type\":\"ImageObject\",\"inLanguage\":\"es\",\"@id\":\"https:\\\/\\\/www.viveroshoraciofernandez.com\\\/web\\\/servicios\\\/#primaryimage\",\"url\":\"https:\\\/\\\/www.viveroshoraciofernandez.com\\\/web\\\/wp-content\\\/uploads\\\/2021\\\/05\\\/IMG_20200526_104139_583.jpg\",\"contentUrl\":\"https:\\\/\\\/www.viveroshoraciofernandez.com\\\/web\\\/wp-content\\\/uploads\\\/2021\\\/05\\\/IMG_20200526_104139_583.jpg\",\"width\":1727,\"height\":1752,\"caption\":\"Jardiner\u00eda y poda de setos en Mazarron\"},{\"@type\":\"BreadcrumbList\",\"@id\":\"https:\\\/\\\/www.viveroshoraciofernandez.com\\\/web\\\/servicios\\\/#breadcrumb\",\"itemListElement\":[{\"@type\":\"ListItem\",\"position\":1,\"name\":\"Portada\",\"item\":\"https:\\\/\\\/www.viveroshoraciofernandez.com\\\/web\\\/\"},{\"@type\":\"ListItem\",\"position\":2,\"name\":\"Otros Servicios\"}]},{\"@type\":\"WebSite\",\"@id\":\"https:\\\/\\\/www.viveroshoraciofernandez.com\\\/web\\\/#website\",\"url\":\"https:\\\/\\\/www.viveroshoraciofernandez.com\\\/web\\\/\",\"name\":\"Viveros Horacio Fern\u00e1ndez\",\"description\":\"Tu centro de jardiner\u00eda en Mazarr\u00f3n\",\"publisher\":{\"@id\":\"https:\\\/\\\/www.viveroshoraciofernandez.com\\\/web\\\/#organization\"},\"potentialAction\":[{\"@type\":\"SearchAction\",\"target\":{\"@type\":\"EntryPoint\",\"urlTemplate\":\"https:\\\/\\\/www.viveroshoraciofernandez.com\\\/web\\\/?s={search_term_string}\"},\"query-input\":{\"@type\":\"PropertyValueSpecification\",\"valueRequired\":true,\"valueName\":\"search_term_string\"}}],\"inLanguage\":\"es\"},{\"@type\":\"Organization\",\"@id\":\"https:\\\/\\\/www.viveroshoraciofernandez.com\\\/web\\\/#organization\",\"name\":\"Viveros Horacio Fernandez\",\"url\":\"https:\\\/\\\/www.viveroshoraciofernandez.com\\\/web\\\/\",\"logo\":{\"@type\":\"ImageObject\",\"inLanguage\":\"es\",\"@id\":\"https:\\\/\\\/www.viveroshoraciofernandez.com\\\/web\\\/#\\\/schema\\\/logo\\\/image\\\/\",\"url\":\"https:\\\/\\\/www.viveroshoraciofernandez.com\\\/web\\\/wp-content\\\/uploads\\\/2021\\\/05\\\/logotipo.jpg\",\"contentUrl\":\"https:\\\/\\\/www.viveroshoraciofernandez.com\\\/web\\\/wp-content\\\/uploads\\\/2021\\\/05\\\/logotipo.jpg\",\"width\":1476,\"height\":474,\"caption\":\"Viveros Horacio Fernandez\"},\"image\":{\"@id\":\"https:\\\/\\\/www.viveroshoraciofernandez.com\\\/web\\\/#\\\/schema\\\/logo\\\/image\\\/\"},\"sameAs\":[\"https:\\\/\\\/www.facebook.com\\\/viveroshoracio\\\/\",\"https:\\\/\\\/www.instagram.com\\\/viveroshoraciofl\\\/?hl=es\"]}]}<\/script>\n<!-- \/ Yoast SEO plugin. -->","yoast_head_json":{"title":"Otros Servicios - Viveros Horacio Fern\u00e1ndez","description":"Disponemos de gran cantidad de macetas y art\u00edculos de decoraci\u00f3n para que tu jard\u00edn quede m\u00e1s bonito y lo disfrutes a\u00fan m\u00e1s.","robots":{"index":"index","follow":"follow","max-snippet":"max-snippet:-1","max-image-preview":"max-image-preview:large","max-video-preview":"max-video-preview:-1"},"canonical":"https:\/\/www.viveroshoraciofernandez.com\/web\/servicios\/","og_locale":"es_ES","og_type":"article","og_title":"Otros Servicios - Viveros Horacio Fern\u00e1ndez","og_description":"Disponemos de gran cantidad de macetas y art\u00edculos de decoraci\u00f3n para que tu jard\u00edn quede m\u00e1s bonito y lo disfrutes a\u00fan m\u00e1s.","og_url":"https:\/\/www.viveroshoraciofernandez.com\/web\/servicios\/","og_site_name":"Viveros Horacio Fern\u00e1ndez","article_publisher":"https:\/\/www.facebook.com\/viveroshoracio\/","article_modified_time":"2021-05-23T17:05:55+00:00","og_image":[{"url":"https:\/\/www.viveroshoraciofernandez.com\/web\/wp-content\/uploads\/2021\/05\/IMG_20200526_104139_583-1009x1024.jpg","type":"","width":"","height":""}],"twitter_card":"summary_large_image","twitter_misc":{"Tiempo de lectura":"2 minutos"},"schema":{"@context":"https:\/\/schema.org","@graph":[{"@type":"WebPage","@id":"https:\/\/www.viveroshoraciofernandez.com\/web\/servicios\/","url":"https:\/\/www.viveroshoraciofernandez.com\/web\/servicios\/","name":"Otros Servicios - Viveros Horacio Fern\u00e1ndez","isPartOf":{"@id":"https:\/\/www.viveroshoraciofernandez.com\/web\/#website"},"primaryImageOfPage":{"@id":"https:\/\/www.viveroshoraciofernandez.com\/web\/servicios\/#primaryimage"},"image":{"@id":"https:\/\/www.viveroshoraciofernandez.com\/web\/servicios\/#primaryimage"},"thumbnailUrl":"https:\/\/www.viveroshoraciofernandez.com\/web\/wp-content\/uploads\/2021\/05\/IMG_20200526_104139_583-1009x1024.jpg","datePublished":"2020-05-23T23:25:30+00:00","dateModified":"2021-05-23T17:05:55+00:00","description":"Disponemos de gran cantidad de macetas y art\u00edculos de decoraci\u00f3n para que tu jard\u00edn quede m\u00e1s bonito y lo disfrutes a\u00fan m\u00e1s.","breadcrumb":{"@id":"https:\/\/www.viveroshoraciofernandez.com\/web\/servicios\/#breadcrumb"},"inLanguage":"es","potentialAction":[{"@type":"ReadAction","target":["https:\/\/www.viveroshoraciofernandez.com\/web\/servicios\/"]}]},{"@type":"ImageObject","inLanguage":"es","@id":"https:\/\/www.viveroshoraciofernandez.com\/web\/servicios\/#primaryimage","url":"https:\/\/www.viveroshoraciofernandez.com\/web\/wp-content\/uploads\/2021\/05\/IMG_20200526_104139_583.jpg","contentUrl":"https:\/\/www.viveroshoraciofernandez.com\/web\/wp-content\/uploads\/2021\/05\/IMG_20200526_104139_583.jpg","width":1727,"height":1752,"caption":"Jardiner\u00eda y poda de setos en Mazarron"},{"@type":"BreadcrumbList","@id":"https:\/\/www.viveroshoraciofernandez.com\/web\/servicios\/#breadcrumb","itemListElement":[{"@type":"ListItem","position":1,"name":"Portada","item":"https:\/\/www.viveroshoraciofernandez.com\/web\/"},{"@type":"ListItem","position":2,"name":"Otros Servicios"}]},{"@type":"WebSite","@id":"https:\/\/www.viveroshoraciofernandez.com\/web\/#website","url":"https:\/\/www.viveroshoraciofernandez.com\/web\/","name":"Viveros Horacio Fern\u00e1ndez","description":"Tu centro de jardiner\u00eda en Mazarr\u00f3n","publisher":{"@id":"https:\/\/www.viveroshoraciofernandez.com\/web\/#organization"},"potentialAction":[{"@type":"SearchAction","target":{"@type":"EntryPoint","urlTemplate":"https:\/\/www.viveroshoraciofernandez.com\/web\/?s={search_term_string}"},"query-input":{"@type":"PropertyValueSpecification","valueRequired":true,"valueName":"search_term_string"}}],"inLanguage":"es"},{"@type":"Organization","@id":"https:\/\/www.viveroshoraciofernandez.com\/web\/#organization","name":"Viveros Horacio Fernandez","url":"https:\/\/www.viveroshoraciofernandez.com\/web\/","logo":{"@type":"ImageObject","inLanguage":"es","@id":"https:\/\/www.viveroshoraciofernandez.com\/web\/#\/schema\/logo\/image\/","url":"https:\/\/www.viveroshoraciofernandez.com\/web\/wp-content\/uploads\/2021\/05\/logotipo.jpg","contentUrl":"https:\/\/www.viveroshoraciofernandez.com\/web\/wp-content\/uploads\/2021\/05\/logotipo.jpg","width":1476,"height":474,"caption":"Viveros Horacio Fernandez"},"image":{"@id":"https:\/\/www.viveroshoraciofernandez.com\/web\/#\/schema\/logo\/image\/"},"sameAs":["https:\/\/www.facebook.com\/viveroshoracio\/","https:\/\/www.instagram.com\/viveroshoraciofl\/?hl=es"]}]}},"jetpack_sharing_enabled":true,"_links":{"self":[{"href":"https:\/\/www.viveroshoraciofernandez.com\/web\/wp-json\/wp\/v2\/pages\/147","targetHints":{"allow":["GET"]}}],"collection":[{"href":"https:\/\/www.viveroshoraciofernandez.com\/web\/wp-json\/wp\/v2\/pages"}],"about":[{"href":"https:\/\/www.viveroshoraciofernandez.com\/web\/wp-json\/wp\/v2\/types\/page"}],"author":[{"embeddable":true,"href":"https:\/\/www.viveroshoraciofernandez.com\/web\/wp-json\/wp\/v2\/users\/1"}],"replies":[{"embeddable":true,"href":"https:\/\/www.viveroshoraciofernandez.com\/web\/wp-json\/wp\/v2\/comments?post=147"}],"version-history":[{"count":9,"href":"https:\/\/www.viveroshoraciofernandez.com\/web\/wp-json\/wp\/v2\/pages\/147\/revisions"}],"predecessor-version":[{"id":396,"href":"https:\/\/www.viveroshoraciofernandez.com\/web\/wp-json\/wp\/v2\/pages\/147\/revisions\/396"}],"wp:attachment":[{"href":"https:\/\/www.viveroshoraciofernandez.com\/web\/wp-json\/wp\/v2\/media?parent=147"}],"curies":[{"name":"wp","href":"https:\/\/api.w.org\/{rel}","templated":true}]}}