{"id":158,"date":"2020-05-24T00:50:49","date_gmt":"2020-05-24T00:50:49","guid":{"rendered":"https:\/\/demosites.io\/food-magazine-gb\/?page_id=158"},"modified":"2026-01-24T09:20:12","modified_gmt":"2026-01-24T08:20:12","slug":"contacto","status":"publish","type":"page","link":"https:\/\/www.viveroshoraciofernandez.com\/web\/contacto\/","title":{"rendered":"Contacto"},"content":{"rendered":"\n<div id=\"wp-block-themeisle-blocks-advanced-columns-7475d166\" class=\"wp-block-themeisle-blocks-advanced-columns alignfull has-1-columns has-desktop-equal-layout has-tablet-equal-layout has-mobile-equal-layout has-vertical-unset\"><div class=\"wp-block-themeisle-blocks-advanced-columns-overlay\"><\/div><div class=\"innerblocks-wrap\">\n<div id=\"wp-block-themeisle-blocks-advanced-column-644b63d2\" class=\"wp-block-themeisle-blocks-advanced-column\">\n<h4 id=\"wp-block-themeisle-blocks-advanced-heading-a1aa536f\" class=\"wp-block-themeisle-blocks-advanced-heading wp-block-themeisle-blocks-advanced-heading-a1aa536f\"><strong><strong>CONTACTO<\/strong><\/strong><\/h4>\n\n\n\n<h1 id=\"wp-block-themeisle-blocks-advanced-heading-ccb8a9a6\" class=\"wp-block-themeisle-blocks-advanced-heading wp-block-themeisle-blocks-advanced-heading-ccb8a9a6\">Contacta con nosotros<\/h1>\n\n\n\n<p class=\"has-text-align-center has-nv-text-dark-bg-color has-text-color has-medium-font-size\">Estaremos encantados de ayudarte!<\/p>\n<\/div>\n<\/div><\/div>\n\n\n\n<div id=\"wp-block-themeisle-blocks-advanced-columns-53ce491c\" class=\"wp-block-themeisle-blocks-advanced-columns alignfull has-3-columns has-desktop-equal-layout has-tablet-equal-layout has-mobile-collapsedRows-layout has-vertical-unset\"><div class=\"wp-block-themeisle-blocks-advanced-columns-overlay\"><\/div><div class=\"innerblocks-wrap\">\n<div id=\"wp-block-themeisle-blocks-advanced-column-0260870f\" class=\"wp-block-themeisle-blocks-advanced-column\">\n<figure class=\"wp-block-image size-large\"><img loading=\"lazy\" decoding=\"async\" width=\"1024\" height=\"621\" src=\"https:\/\/www.viveroshoraciofernandez.com\/web\/wp-content\/uploads\/2021\/05\/IMG_0675-atencion-publico-1024x621.jpg\" alt=\"\" class=\"wp-image-454\" srcset=\"https:\/\/www.viveroshoraciofernandez.com\/web\/wp-content\/uploads\/2021\/05\/IMG_0675-atencion-publico-1024x621.jpg 1024w, https:\/\/www.viveroshoraciofernandez.com\/web\/wp-content\/uploads\/2021\/05\/IMG_0675-atencion-publico-300x182.jpg 300w, https:\/\/www.viveroshoraciofernandez.com\/web\/wp-content\/uploads\/2021\/05\/IMG_0675-atencion-publico-768x466.jpg 768w, https:\/\/www.viveroshoraciofernandez.com\/web\/wp-content\/uploads\/2021\/05\/IMG_0675-atencion-publico-1536x932.jpg 1536w, https:\/\/www.viveroshoraciofernandez.com\/web\/wp-content\/uploads\/2021\/05\/IMG_0675-atencion-publico-2048x1242.jpg 2048w\" sizes=\"auto, (max-width: 1024px) 100vw, 1024px\" \/><\/figure>\n<\/div>\n\n\n\n<div id=\"wp-block-themeisle-blocks-advanced-column-0b927a71\" class=\"wp-block-themeisle-blocks-advanced-column\">\n<div id=\"wp-block-themeisle-blocks-font-awesome-icons-5a6183b0\" class=\"wp-block-themeisle-blocks-font-awesome-icons\"><span class=\"wp-block-themeisle-blocks-font-awesome-icons-container\"><i class=\"fab fa-facebook\"><\/i><\/span><\/div>\n\n\n\n<h3 id=\"wp-block-themeisle-blocks-advanced-heading-82edbc3d\" class=\"wp-block-themeisle-blocks-advanced-heading wp-block-themeisle-blocks-advanced-heading-82edbc3d\">S\u00edguenos en Facebook<\/h3>\n\n\n\n<div style=\"height:20px\" aria-hidden=\"true\" class=\"wp-block-spacer\"><\/div>\n\n\n\n<div class=\"wp-block-buttons is-horizontal is-content-justification-center is-layout-flex wp-container-core-buttons-is-layout-499968f5 wp-block-buttons-is-layout-flex\">\n<div class=\"wp-block-button is-style-primary\"><a class=\"wp-block-button__link wp-element-button\" href=\"https:\/\/www.facebook.com\/viveroshoracio\" target=\"_blank\" rel=\"noreferrer noopener\"><strong>S\u00cdGUENOS<\/strong><\/a><\/div>\n<\/div>\n<\/div>\n\n\n\n<div id=\"wp-block-themeisle-blocks-advanced-column-20e58a98\" class=\"wp-block-themeisle-blocks-advanced-column\">\n<div id=\"wp-block-themeisle-blocks-font-awesome-icons-3774a368\" class=\"wp-block-themeisle-blocks-font-awesome-icons\"><span class=\"wp-block-themeisle-blocks-font-awesome-icons-container\"><i class=\"fab fa-instagram\"><\/i><\/span><\/div>\n\n\n\n<h3 id=\"wp-block-themeisle-blocks-advanced-heading-d9c5c2d9\" class=\"wp-block-themeisle-blocks-advanced-heading wp-block-themeisle-blocks-advanced-heading-d9c5c2d9\">S\u00edguenos en Instagram<\/h3>\n\n\n\n<div style=\"height:20px\" aria-hidden=\"true\" class=\"wp-block-spacer\"><\/div>\n\n\n\n<div class=\"wp-block-buttons is-horizontal is-content-justification-center is-layout-flex wp-container-core-buttons-is-layout-499968f5 wp-block-buttons-is-layout-flex\">\n<div class=\"wp-block-button is-style-primary\"><a class=\"wp-block-button__link wp-element-button\" href=\"https:\/\/www.instagram.com\/viveroshoraciofl\/?hl=es\" target=\"_blank\" rel=\"noreferrer noopener\"><strong>S\u00cdGUENOS<\/strong><\/a><\/div>\n<\/div>\n<\/div>\n<\/div><\/div>\n\n\n\n<div id=\"wp-block-themeisle-blocks-advanced-columns-126e8c74\" class=\"wp-block-themeisle-blocks-advanced-columns alignfull has-2-columns has-desktop-equal-layout has-tablet-equal-layout has-mobile-collapsedRows-layout has-vertical-unset has-light-bg\"><div class=\"wp-block-themeisle-blocks-advanced-columns-overlay\"><\/div><div class=\"innerblocks-wrap\">\n<div id=\"wp-block-themeisle-blocks-advanced-column-e6c96d43\" class=\"wp-block-themeisle-blocks-advanced-column\"><div style=\"height:400px\" class=\"wp-block-themeisle-blocks-google-map\" id=\"wp-block-themeisle-blocks-google-map-cebbff4e\"><\/div>\n<script type=\"text\/javascript\">\n\t\/* <![CDATA[ *\/\n\t\tif ( ! window.themeisleGoogleMaps ) window.themeisleGoogleMaps =[];\n\t\twindow.themeisleGoogleMaps.push( { container: \"wp-block-themeisle-blocks-google-map-cebbff4e\", attributes: {\"id\":\"wp-block-themeisle-blocks-google-map-cebbff4e\",\"location\":\"Unnamed Road, 30870, 30870 Mazarr\\u00f3n, Murcia, Espa\\u00f1a\",\"latitude\":\"37.5743141\",\"longitude\":\"-1.2712383\",\"markers\":[{\"id\":\"237537b9-80b8-4aa1-ac8e-f0d75802edd5\",\"location\":\"Unnamed Road, 30870, 30870 Mazarr\\u00f3n, Murcia, Espa\\u00f1a\",\"title\":\"Viveros Horacio Fern\\u00e1ndez\",\"icon\":\"https:\\\/\\\/maps.google.com\\\/mapfiles\\\/ms\\\/icons\\\/red-dot.png\",\"description\":\"\",\"latitude\":37.5743141,\"longitude\":-1.2712383}],\"style\":\"standard\",\"type\":\"roadmap\",\"zoom\":15,\"height\":\"400px\",\"draggable\":true,\"mapTypeControl\":true,\"zoomControl\":true,\"fullscreenControl\":true,\"streetViewControl\":true,\"hasCustomCSS\":false,\"customCSS\":\"\",\"otterConditions\":[]} } );\n\t\/* ]]> *\/\n<\/script>\n\n\n\n<p>Nos encontramos junto al nuevo centro comercial Mazarr\u00f3n Park.<\/p>\n<\/div>\n\n\n\n<div id=\"wp-block-themeisle-blocks-advanced-column-65ce1c9b\" class=\"wp-block-themeisle-blocks-advanced-column\">\n<h2 id=\"wp-block-themeisle-blocks-advanced-heading-cad50aa5\" class=\"wp-block-themeisle-blocks-advanced-heading wp-block-themeisle-blocks-advanced-heading-cad50aa5\">Otras formas de contacto<\/h2>\n\n\n\n<div id=\"wp-block-themeisle-blocks-advanced-columns-bad97e95\" class=\"wp-block-themeisle-blocks-advanced-columns has-1-columns has-desktop-equal-layout has-tablet-equal-layout has-mobile-equal-layout has-vertical-unset has-light-bg\"><div class=\"wp-block-themeisle-blocks-advanced-columns-overlay\"><\/div><div class=\"innerblocks-wrap\">\n<div id=\"wp-block-themeisle-blocks-advanced-column-4b5e8879\" class=\"wp-block-themeisle-blocks-advanced-column\">\n<div id=\"wp-block-themeisle-blocks-button-group-15feed01\" class=\"wp-block-themeisle-blocks-button-group wp-block-buttons\">\n<div id=\"wp-block-themeisle-blocks-button-5a18cf17\" class=\"wp-block-themeisle-blocks-button wp-block-button\"><a href=\"\" target=\"_self\" rel=\"noopener noreferrer\" class=\"wp-block-button__link\"><i class=\"fas fa-fw fa-map-marker-alt\"><\/i><\/a><\/div>\n\n\n\n<div id=\"wp-block-themeisle-blocks-button-f724f1b0\" class=\"wp-block-themeisle-blocks-button wp-block-button\"><a href=\"\" target=\"_self\" rel=\"noopener noreferrer\" class=\"wp-block-button__link\"><span>Direcci\u00f3n<\/span><\/a><\/div>\n<\/div>\n\n\n\n<p>C\/ Cementerio Pol\u00edgono Industrial 16, 30860 Puerto de Mazarr\u00f3n.&nbsp;<\/p>\n<\/div>\n<\/div><\/div>\n\n\n\n<div id=\"wp-block-themeisle-blocks-advanced-columns-f632b89d\" class=\"wp-block-themeisle-blocks-advanced-columns has-1-columns has-desktop-equal-layout has-tablet-equal-layout has-mobile-equal-layout has-vertical-unset has-light-bg\"><div class=\"wp-block-themeisle-blocks-advanced-columns-overlay\"><\/div><div class=\"innerblocks-wrap\">\n<div id=\"wp-block-themeisle-blocks-advanced-column-6632ca29\" class=\"wp-block-themeisle-blocks-advanced-column\">\n<div id=\"wp-block-themeisle-blocks-button-group-67d144f9\" class=\"wp-block-themeisle-blocks-button-group wp-block-buttons\">\n<div id=\"wp-block-themeisle-blocks-button-aab7d5cd\" class=\"wp-block-themeisle-blocks-button wp-block-button\"><a href=\"\" target=\"_self\" rel=\"noopener noreferrer\" class=\"wp-block-button__link\"><i class=\"fas fa-fw fa-phone-alt\"><\/i><\/a><\/div>\n\n\n\n<div id=\"wp-block-themeisle-blocks-button-f973bff5\" class=\"wp-block-themeisle-blocks-button wp-block-button\"><a href=\"\" target=\"_self\" rel=\"noopener noreferrer\" class=\"wp-block-button__link\"><span>Tel\u00e9fonos<\/span><\/a><\/div>\n<\/div>\n\n\n\n<p>(+34) 868 189 117, (+34) 699 332 510\u200b<\/p>\n<\/div>\n<\/div><\/div>\n\n\n\n<div id=\"wp-block-themeisle-blocks-advanced-columns-e771a18d\" class=\"wp-block-themeisle-blocks-advanced-columns has-1-columns has-desktop-equal-layout has-tablet-equal-layout has-mobile-equal-layout has-vertical-unset has-light-bg\"><div class=\"wp-block-themeisle-blocks-advanced-columns-overlay\"><\/div><div class=\"innerblocks-wrap\">\n<div id=\"wp-block-themeisle-blocks-advanced-column-ed5cea66\" class=\"wp-block-themeisle-blocks-advanced-column\">\n<div id=\"wp-block-themeisle-blocks-button-group-fa17fbc9\" class=\"wp-block-themeisle-blocks-button-group wp-block-buttons\">\n<div id=\"wp-block-themeisle-blocks-button-2d5808bf\" class=\"wp-block-themeisle-blocks-button wp-block-button\"><a href=\"\" target=\"_self\" rel=\"noopener noreferrer\" class=\"wp-block-button__link\"><i class=\"fas fa-fw fa-envelope-open\"><\/i><\/a><\/div>\n\n\n\n<div id=\"wp-block-themeisle-blocks-button-61205401\" class=\"wp-block-themeisle-blocks-button wp-block-button\"><a href=\"mailto:viveroshoraciofernandezlopez@gmail.com\" target=\"_self\" rel=\"noopener noreferrer\" class=\"wp-block-button__link\"><span>Email<\/span><\/a><\/div>\n<\/div>\n\n\n\n<p><a href=\"mailto:viveroshoraciofernandezlopez@gmail.com\">viveroshoraciofernandezlopez@gmail.com<\/a><\/p>\n<\/div>\n<\/div><\/div>\n<\/div>\n<\/div><\/div>\n","protected":false},"excerpt":{"rendered":"","protected":false},"author":1,"featured_media":0,"parent":0,"menu_order":0,"comment_status":"closed","ping_status":"closed","template":"page-templates\/template-pagebuilder-full-width.php","meta":{"neve_meta_sidebar":"full-width","neve_meta_container":"","neve_meta_enable_content_width":"on","neve_meta_content_width":100,"neve_meta_title_alignment":"","neve_meta_author_avatar":"","neve_post_elements_order":"","neve_meta_disable_header":"","neve_meta_disable_footer":"","neve_meta_disable_title":"on","neve_meta_reading_time":"","_themeisle_gutenberg_block_has_review":false,"footnotes":""},"class_list":["post-158","page","type-page","status-publish","hentry"],"yoast_head":"<!-- This site is optimized with the Yoast SEO plugin v27.4 - https:\/\/yoast.com\/product\/yoast-seo-wordpress\/ -->\n<title>Contacto - Viveros Horacio Fern\u00e1ndez<\/title>\n<meta name=\"description\" content=\"Nos encontramos junto al nuevo centro comercial Mazarr\u00f3n Park. Contacta con nosotros si necesitas ayuda con tu jard\u00edn, huerto o evento especial. Tu centro de jardiner\u00eda en Mazarr\u00f3n.\" \/>\n<meta name=\"robots\" content=\"index, follow, max-snippet:-1, max-image-preview:large, max-video-preview:-1\" \/>\n<link rel=\"canonical\" href=\"https:\/\/www.viveroshoraciofernandez.com\/web\/contacto\/\" \/>\n<meta property=\"og:locale\" content=\"es_ES\" \/>\n<meta property=\"og:type\" content=\"article\" \/>\n<meta property=\"og:title\" content=\"Contacto - Viveros Horacio Fern\u00e1ndez\" \/>\n<meta property=\"og:description\" content=\"Nos encontramos junto al nuevo centro comercial Mazarr\u00f3n Park. Contacta con nosotros si necesitas ayuda con tu jard\u00edn, huerto o evento especial. Tu centro de jardiner\u00eda en Mazarr\u00f3n.\" \/>\n<meta property=\"og:url\" content=\"https:\/\/www.viveroshoraciofernandez.com\/web\/contacto\/\" \/>\n<meta property=\"og:site_name\" content=\"Viveros Horacio Fern\u00e1ndez\" \/>\n<meta property=\"article:publisher\" content=\"https:\/\/www.facebook.com\/viveroshoracio\/\" \/>\n<meta property=\"article:modified_time\" content=\"2026-01-24T08:20:12+00:00\" \/>\n<meta property=\"og:image\" content=\"https:\/\/www.viveroshoraciofernandez.com\/web\/wp-content\/uploads\/2021\/05\/IMG_0675-atencion-publico-scaled.jpg\" \/>\n\t<meta property=\"og:image:width\" content=\"2560\" \/>\n\t<meta property=\"og:image:height\" content=\"1553\" \/>\n\t<meta property=\"og:image:type\" content=\"image\/jpeg\" \/>\n<meta name=\"twitter:card\" content=\"summary_large_image\" \/>\n<meta name=\"twitter:label1\" content=\"Tiempo de lectura\" \/>\n\t<meta name=\"twitter:data1\" content=\"1 minuto\" \/>\n<script type=\"application\/ld+json\" class=\"yoast-schema-graph\">{\"@context\":\"https:\\\/\\\/schema.org\",\"@graph\":[{\"@type\":\"WebPage\",\"@id\":\"https:\\\/\\\/www.viveroshoraciofernandez.com\\\/web\\\/contacto\\\/\",\"url\":\"https:\\\/\\\/www.viveroshoraciofernandez.com\\\/web\\\/contacto\\\/\",\"name\":\"Contacto - Viveros Horacio Fern\u00e1ndez\",\"isPartOf\":{\"@id\":\"https:\\\/\\\/www.viveroshoraciofernandez.com\\\/web\\\/#website\"},\"primaryImageOfPage\":{\"@id\":\"https:\\\/\\\/www.viveroshoraciofernandez.com\\\/web\\\/contacto\\\/#primaryimage\"},\"image\":{\"@id\":\"https:\\\/\\\/www.viveroshoraciofernandez.com\\\/web\\\/contacto\\\/#primaryimage\"},\"thumbnailUrl\":\"https:\\\/\\\/www.viveroshoraciofernandez.com\\\/web\\\/wp-content\\\/uploads\\\/2021\\\/05\\\/IMG_0675-atencion-publico-1024x621.jpg\",\"datePublished\":\"2020-05-24T00:50:49+00:00\",\"dateModified\":\"2026-01-24T08:20:12+00:00\",\"description\":\"Nos encontramos junto al nuevo centro comercial Mazarr\u00f3n Park. Contacta con nosotros si necesitas ayuda con tu jard\u00edn, huerto o evento especial. Tu centro de jardiner\u00eda en Mazarr\u00f3n.\",\"breadcrumb\":{\"@id\":\"https:\\\/\\\/www.viveroshoraciofernandez.com\\\/web\\\/contacto\\\/#breadcrumb\"},\"inLanguage\":\"es\",\"potentialAction\":[{\"@type\":\"ReadAction\",\"target\":[\"https:\\\/\\\/www.viveroshoraciofernandez.com\\\/web\\\/contacto\\\/\"]}]},{\"@type\":\"ImageObject\",\"inLanguage\":\"es\",\"@id\":\"https:\\\/\\\/www.viveroshoraciofernandez.com\\\/web\\\/contacto\\\/#primaryimage\",\"url\":\"https:\\\/\\\/www.viveroshoraciofernandez.com\\\/web\\\/wp-content\\\/uploads\\\/2021\\\/05\\\/IMG_0675-atencion-publico-1024x621.jpg\",\"contentUrl\":\"https:\\\/\\\/www.viveroshoraciofernandez.com\\\/web\\\/wp-content\\\/uploads\\\/2021\\\/05\\\/IMG_0675-atencion-publico-1024x621.jpg\"},{\"@type\":\"BreadcrumbList\",\"@id\":\"https:\\\/\\\/www.viveroshoraciofernandez.com\\\/web\\\/contacto\\\/#breadcrumb\",\"itemListElement\":[{\"@type\":\"ListItem\",\"position\":1,\"name\":\"Portada\",\"item\":\"https:\\\/\\\/www.viveroshoraciofernandez.com\\\/web\\\/\"},{\"@type\":\"ListItem\",\"position\":2,\"name\":\"Contacto\"}]},{\"@type\":\"WebSite\",\"@id\":\"https:\\\/\\\/www.viveroshoraciofernandez.com\\\/web\\\/#website\",\"url\":\"https:\\\/\\\/www.viveroshoraciofernandez.com\\\/web\\\/\",\"name\":\"Viveros Horacio Fern\u00e1ndez\",\"description\":\"Tu centro de jardiner\u00eda en Mazarr\u00f3n\",\"publisher\":{\"@id\":\"https:\\\/\\\/www.viveroshoraciofernandez.com\\\/web\\\/#organization\"},\"potentialAction\":[{\"@type\":\"SearchAction\",\"target\":{\"@type\":\"EntryPoint\",\"urlTemplate\":\"https:\\\/\\\/www.viveroshoraciofernandez.com\\\/web\\\/?s={search_term_string}\"},\"query-input\":{\"@type\":\"PropertyValueSpecification\",\"valueRequired\":true,\"valueName\":\"search_term_string\"}}],\"inLanguage\":\"es\"},{\"@type\":\"Organization\",\"@id\":\"https:\\\/\\\/www.viveroshoraciofernandez.com\\\/web\\\/#organization\",\"name\":\"Viveros Horacio Fernandez\",\"url\":\"https:\\\/\\\/www.viveroshoraciofernandez.com\\\/web\\\/\",\"logo\":{\"@type\":\"ImageObject\",\"inLanguage\":\"es\",\"@id\":\"https:\\\/\\\/www.viveroshoraciofernandez.com\\\/web\\\/#\\\/schema\\\/logo\\\/image\\\/\",\"url\":\"https:\\\/\\\/www.viveroshoraciofernandez.com\\\/web\\\/wp-content\\\/uploads\\\/2021\\\/05\\\/logotipo.jpg\",\"contentUrl\":\"https:\\\/\\\/www.viveroshoraciofernandez.com\\\/web\\\/wp-content\\\/uploads\\\/2021\\\/05\\\/logotipo.jpg\",\"width\":1476,\"height\":474,\"caption\":\"Viveros Horacio Fernandez\"},\"image\":{\"@id\":\"https:\\\/\\\/www.viveroshoraciofernandez.com\\\/web\\\/#\\\/schema\\\/logo\\\/image\\\/\"},\"sameAs\":[\"https:\\\/\\\/www.facebook.com\\\/viveroshoracio\\\/\",\"https:\\\/\\\/www.instagram.com\\\/viveroshoraciofl\\\/?hl=es\"]}]}<\/script>\n<!-- \/ Yoast SEO plugin. -->","yoast_head_json":{"title":"Contacto - Viveros Horacio Fern\u00e1ndez","description":"Nos encontramos junto al nuevo centro comercial Mazarr\u00f3n Park. Contacta con nosotros si necesitas ayuda con tu jard\u00edn, huerto o evento especial. Tu centro de jardiner\u00eda en Mazarr\u00f3n.","robots":{"index":"index","follow":"follow","max-snippet":"max-snippet:-1","max-image-preview":"max-image-preview:large","max-video-preview":"max-video-preview:-1"},"canonical":"https:\/\/www.viveroshoraciofernandez.com\/web\/contacto\/","og_locale":"es_ES","og_type":"article","og_title":"Contacto - Viveros Horacio Fern\u00e1ndez","og_description":"Nos encontramos junto al nuevo centro comercial Mazarr\u00f3n Park. Contacta con nosotros si necesitas ayuda con tu jard\u00edn, huerto o evento especial. Tu centro de jardiner\u00eda en Mazarr\u00f3n.","og_url":"https:\/\/www.viveroshoraciofernandez.com\/web\/contacto\/","og_site_name":"Viveros Horacio Fern\u00e1ndez","article_publisher":"https:\/\/www.facebook.com\/viveroshoracio\/","article_modified_time":"2026-01-24T08:20:12+00:00","og_image":[{"width":2560,"height":1553,"url":"https:\/\/www.viveroshoraciofernandez.com\/web\/wp-content\/uploads\/2021\/05\/IMG_0675-atencion-publico-scaled.jpg","type":"image\/jpeg"}],"twitter_card":"summary_large_image","twitter_misc":{"Tiempo de lectura":"1 minuto"},"schema":{"@context":"https:\/\/schema.org","@graph":[{"@type":"WebPage","@id":"https:\/\/www.viveroshoraciofernandez.com\/web\/contacto\/","url":"https:\/\/www.viveroshoraciofernandez.com\/web\/contacto\/","name":"Contacto - Viveros Horacio Fern\u00e1ndez","isPartOf":{"@id":"https:\/\/www.viveroshoraciofernandez.com\/web\/#website"},"primaryImageOfPage":{"@id":"https:\/\/www.viveroshoraciofernandez.com\/web\/contacto\/#primaryimage"},"image":{"@id":"https:\/\/www.viveroshoraciofernandez.com\/web\/contacto\/#primaryimage"},"thumbnailUrl":"https:\/\/www.viveroshoraciofernandez.com\/web\/wp-content\/uploads\/2021\/05\/IMG_0675-atencion-publico-1024x621.jpg","datePublished":"2020-05-24T00:50:49+00:00","dateModified":"2026-01-24T08:20:12+00:00","description":"Nos encontramos junto al nuevo centro comercial Mazarr\u00f3n Park. Contacta con nosotros si necesitas ayuda con tu jard\u00edn, huerto o evento especial. Tu centro de jardiner\u00eda en Mazarr\u00f3n.","breadcrumb":{"@id":"https:\/\/www.viveroshoraciofernandez.com\/web\/contacto\/#breadcrumb"},"inLanguage":"es","potentialAction":[{"@type":"ReadAction","target":["https:\/\/www.viveroshoraciofernandez.com\/web\/contacto\/"]}]},{"@type":"ImageObject","inLanguage":"es","@id":"https:\/\/www.viveroshoraciofernandez.com\/web\/contacto\/#primaryimage","url":"https:\/\/www.viveroshoraciofernandez.com\/web\/wp-content\/uploads\/2021\/05\/IMG_0675-atencion-publico-1024x621.jpg","contentUrl":"https:\/\/www.viveroshoraciofernandez.com\/web\/wp-content\/uploads\/2021\/05\/IMG_0675-atencion-publico-1024x621.jpg"},{"@type":"BreadcrumbList","@id":"https:\/\/www.viveroshoraciofernandez.com\/web\/contacto\/#breadcrumb","itemListElement":[{"@type":"ListItem","position":1,"name":"Portada","item":"https:\/\/www.viveroshoraciofernandez.com\/web\/"},{"@type":"ListItem","position":2,"name":"Contacto"}]},{"@type":"WebSite","@id":"https:\/\/www.viveroshoraciofernandez.com\/web\/#website","url":"https:\/\/www.viveroshoraciofernandez.com\/web\/","name":"Viveros Horacio Fern\u00e1ndez","description":"Tu centro de jardiner\u00eda en Mazarr\u00f3n","publisher":{"@id":"https:\/\/www.viveroshoraciofernandez.com\/web\/#organization"},"potentialAction":[{"@type":"SearchAction","target":{"@type":"EntryPoint","urlTemplate":"https:\/\/www.viveroshoraciofernandez.com\/web\/?s={search_term_string}"},"query-input":{"@type":"PropertyValueSpecification","valueRequired":true,"valueName":"search_term_string"}}],"inLanguage":"es"},{"@type":"Organization","@id":"https:\/\/www.viveroshoraciofernandez.com\/web\/#organization","name":"Viveros Horacio Fernandez","url":"https:\/\/www.viveroshoraciofernandez.com\/web\/","logo":{"@type":"ImageObject","inLanguage":"es","@id":"https:\/\/www.viveroshoraciofernandez.com\/web\/#\/schema\/logo\/image\/","url":"https:\/\/www.viveroshoraciofernandez.com\/web\/wp-content\/uploads\/2021\/05\/logotipo.jpg","contentUrl":"https:\/\/www.viveroshoraciofernandez.com\/web\/wp-content\/uploads\/2021\/05\/logotipo.jpg","width":1476,"height":474,"caption":"Viveros Horacio Fernandez"},"image":{"@id":"https:\/\/www.viveroshoraciofernandez.com\/web\/#\/schema\/logo\/image\/"},"sameAs":["https:\/\/www.facebook.com\/viveroshoracio\/","https:\/\/www.instagram.com\/viveroshoraciofl\/?hl=es"]}]}},"jetpack_sharing_enabled":true,"_links":{"self":[{"href":"https:\/\/www.viveroshoraciofernandez.com\/web\/wp-json\/wp\/v2\/pages\/158","targetHints":{"allow":["GET"]}}],"collection":[{"href":"https:\/\/www.viveroshoraciofernandez.com\/web\/wp-json\/wp\/v2\/pages"}],"about":[{"href":"https:\/\/www.viveroshoraciofernandez.com\/web\/wp-json\/wp\/v2\/types\/page"}],"author":[{"embeddable":true,"href":"https:\/\/www.viveroshoraciofernandez.com\/web\/wp-json\/wp\/v2\/users\/1"}],"replies":[{"embeddable":true,"href":"https:\/\/www.viveroshoraciofernandez.com\/web\/wp-json\/wp\/v2\/comments?post=158"}],"version-history":[{"count":29,"href":"https:\/\/www.viveroshoraciofernandez.com\/web\/wp-json\/wp\/v2\/pages\/158\/revisions"}],"predecessor-version":[{"id":599,"href":"https:\/\/www.viveroshoraciofernandez.com\/web\/wp-json\/wp\/v2\/pages\/158\/revisions\/599"}],"wp:attachment":[{"href":"https:\/\/www.viveroshoraciofernandez.com\/web\/wp-json\/wp\/v2\/media?parent=158"}],"curies":[{"name":"wp","href":"https:\/\/api.w.org\/{rel}","templated":true}]}}